{"id":54,"date":"2020-04-14T19:23:18","date_gmt":"2020-04-14T19:23:18","guid":{"rendered":"http:\/\/wp.ismaierbau.de\/?page_id=54"},"modified":"2021-02-11T20:16:32","modified_gmt":"2021-02-11T20:16:32","slug":"impressum","status":"publish","type":"page","link":"http:\/\/wp.ismaierbau.de\/?page_id=54","title":{"rendered":"IMPRESSUM"},"content":{"rendered":"\t\t<div data-elementor-type=\"wp-page\" data-elementor-id=\"54\" class=\"elementor elementor-54\" data-elementor-settings=\"[]\">\n\t\t\t\t\t\t<div class=\"elementor-inner\">\n\t\t\t\t\t\t\t<div class=\"elementor-section-wrap\">\n\t\t\t\t\t\t\t<section class=\"elementor-section elementor-top-section elementor-element elementor-element-973de30 elementor-section-boxed elementor-section-height-default elementor-section-height-default\" data-id=\"973de30\" data-element_type=\"section\">\n\t\t\t\t\t\t<div class=\"elementor-container elementor-column-gap-default\">\n\t\t\t\t\t\t\t<div class=\"elementor-row\">\n\t\t\t\t\t<div class=\"elementor-column elementor-col-100 elementor-top-column elementor-element elementor-element-294a777\" data-id=\"294a777\" data-element_type=\"column\">\n\t\t\t<div class=\"elementor-column-wrap elementor-element-populated\">\n\t\t\t\t\t\t\t<div class=\"elementor-widget-wrap\">\n\t\t\t\t\t\t<div class=\"elementor-element elementor-element-c3e9794 elementor-widget elementor-widget-heading\" data-id=\"c3e9794\" data-element_type=\"widget\" data-widget_type=\"heading.default\">\n\t\t\t\t<div class=\"elementor-widget-container\">\n\t\t\t<h2 class=\"elementor-heading-title elementor-size-default\">IMPRESSUM<\/h2>\t\t<\/div>\n\t\t\t\t<\/div>\n\t\t\t\t\t\t<\/div>\n\t\t\t\t\t<\/div>\n\t\t<\/div>\n\t\t\t\t\t\t\t\t<\/div>\n\t\t\t\t\t<\/div>\n\t\t<\/section>\n\t\t\t\t<section class=\"elementor-section elementor-top-section elementor-element elementor-element-1e00920 elementor-section-boxed elementor-section-height-default elementor-section-height-default\" data-id=\"1e00920\" data-element_type=\"section\">\n\t\t\t\t\t\t<div class=\"elementor-container elementor-column-gap-default\">\n\t\t\t\t\t\t\t<div class=\"elementor-row\">\n\t\t\t\t\t<div class=\"elementor-column elementor-col-100 elementor-top-column elementor-element elementor-element-382164c\" data-id=\"382164c\" data-element_type=\"column\">\n\t\t\t<div class=\"elementor-column-wrap elementor-element-populated\">\n\t\t\t\t\t\t\t<div class=\"elementor-widget-wrap\">\n\t\t\t\t\t\t<div class=\"elementor-element elementor-element-4d9f7ba elementor-widget elementor-widget-text-editor\" data-id=\"4d9f7ba\" data-element_type=\"widget\" data-widget_type=\"text-editor.default\">\n\t\t\t\t<div class=\"elementor-widget-container\">\n\t\t\t\t\t<div class=\"elementor-text-editor elementor-clearfix\"><p><b>Richard Ismaier GmbH&amp;Co<\/b><br \/>Bauunternehmung KG<br \/>Berggasse 6<br \/>91353 Hausen<br \/>Telefon 09191 44 80<br \/>Telefax 09191 33 490<br \/>Web: www.ismaierbau.de<br \/>E-Mail: info@ismaierbau.de<br \/>USt-Id-Nr.: DE132653597<\/p><p>Sitz der Gesellschaft: Hausen<br \/>Registergericht Bamberg HRA 4422 <br \/>Registernummer: HRA 4422<\/p><p>Pers\u00f6nlich haftender Gesellschafter und gesch\u00e4ftsf\u00fchrende Gesellschaft: <br \/>Richard Ismaier Verwaltungs-GmbH<br \/>Sitz der Gesellschaft: Hausen, Registergericht Bamberg HRB 1073<br \/>Gesch\u00e4ftsf\u00fchrer: Thomas Ismaier<br \/>Berufsbezeichnung: Dipl.-Ing. (FH), verliehen in der Bundesrepublik Deutschland<\/p><p>Zust\u00e4ndige Kammer:<br \/>Handwerkskammer f\u00fcr Oberfranken<br \/>Kerschensteinerstra\u00dfe 7<br \/>95448 Bayreuth<br \/>www.hwk-oberfranken.de<\/p><p>Berufsrechtliche Regelungen: Handwerksordnung<\/p><p>Wir sind nicht bereit oder verpflichtet an Streitbeilegungsverfahren vor einer Verbraucherschlichtungsstelle teilzunehmen.<\/p><p>Zust\u00e4ndig f\u00fcr den Inhalt der Homepage:<br \/>Herr Thomas Ismaier, Adresse siehe oben.<\/p><p><b>Haftungshinweis<\/b><br \/>Die Inhalte dieser Website werden mit gr\u00f6\u00dftm\u00f6glicher Sorgfalt erstellt. Der Anbieter \u00fcbernimmt jedoch keine Gew\u00e4hr f\u00fcr die Richtigkeit, Vollst\u00e4ndigkeit und Aktualit\u00e4t der bereitgestellten Inhalte. Trotz sorgf\u00e4ltiger inhaltlicher Kontrolle \u00fcbernehmen wir keine Haftung f\u00fcr die Inhalte externer Links. F\u00fcr den Inhalt der verlinkten Seiten sind ausschlie\u00dflich deren Betreiber verantwortlich. S\u00e4mtliche angebotenen Informationen d\u00fcrfen &#8211; auch auszugsweise &#8211; nur mit schriftlicher Genehmigung der Firma Richard Ismaier GmbH&amp;Co Bauunternehmung KG, 91353 Hausen weiterverbreitet oder anderweitig ver\u00f6ffentlicht werden.<\/p><p><b>Gestaltung und Programmierung<\/b><br \/>Corinna Ismaier Design<br \/>www.corinnaismaier.de<\/p><\/div>\n\t\t\t\t<\/div>\n\t\t\t\t<\/div>\n\t\t\t\t\t\t<\/div>\n\t\t\t\t\t<\/div>\n\t\t<\/div>\n\t\t\t\t\t\t\t\t<\/div>\n\t\t\t\t\t<\/div>\n\t\t<\/section>\n\t\t\t\t<section class=\"elementor-section elementor-top-section elementor-element elementor-element-5637ee6 elementor-section-boxed elementor-section-height-default elementor-section-height-default\" data-id=\"5637ee6\" data-element_type=\"section\">\n\t\t\t\t\t\t<div class=\"elementor-container elementor-column-gap-default\">\n\t\t\t\t\t\t\t<div class=\"elementor-row\">\n\t\t\t\t\t<div class=\"elementor-column elementor-col-100 elementor-top-column elementor-element elementor-element-12b93f4\" data-id=\"12b93f4\" data-element_type=\"column\">\n\t\t\t<div class=\"elementor-column-wrap elementor-element-populated\">\n\t\t\t\t\t\t\t<div class=\"elementor-widget-wrap\">\n\t\t\t\t\t\t<div class=\"elementor-element elementor-element-10a0892 elementor-widget elementor-widget-spacer\" data-id=\"10a0892\" data-element_type=\"widget\" data-widget_type=\"spacer.default\">\n\t\t\t\t<div class=\"elementor-widget-container\">\n\t\t\t\t\t<div class=\"elementor-spacer\">\n\t\t\t<div class=\"elementor-spacer-inner\"><\/div>\n\t\t<\/div>\n\t\t\t\t<\/div>\n\t\t\t\t<\/div>\n\t\t\t\t\t\t<\/div>\n\t\t\t\t\t<\/div>\n\t\t<\/div>\n\t\t\t\t\t\t\t\t<\/div>\n\t\t\t\t\t<\/div>\n\t\t<\/section>\n\t\t\t\t<section class=\"elementor-section elementor-top-section elementor-element elementor-element-aac49a2 elementor-section-boxed elementor-section-height-default elementor-section-height-default\" data-id=\"aac49a2\" data-element_type=\"section\" data-settings=\"{&quot;background_background&quot;:&quot;classic&quot;}\">\n\t\t\t\t\t\t<div class=\"elementor-container elementor-column-gap-default\">\n\t\t\t\t\t\t\t<div class=\"elementor-row\">\n\t\t\t\t\t<div class=\"elementor-column elementor-col-33 elementor-top-column elementor-element elementor-element-a600cb9\" data-id=\"a600cb9\" data-element_type=\"column\">\n\t\t\t<div class=\"elementor-column-wrap elementor-element-populated\">\n\t\t\t\t\t\t\t<div class=\"elementor-widget-wrap\">\n\t\t\t\t\t\t<div class=\"elementor-element elementor-element-cd5b533 elementor-widget elementor-widget-heading\" data-id=\"cd5b533\" data-element_type=\"widget\" data-widget_type=\"heading.default\">\n\t\t\t\t<div class=\"elementor-widget-container\">\n\t\t\t<h2 class=\"elementor-heading-title elementor-size-default\">KONTAKT &amp; ANFAHRT<\/h2>\t\t<\/div>\n\t\t\t\t<\/div>\n\t\t\t\t<div class=\"elementor-element elementor-element-7971a8d elementor-widget elementor-widget-text-editor\" data-id=\"7971a8d\" data-element_type=\"widget\" data-widget_type=\"text-editor.default\">\n\t\t\t\t<div class=\"elementor-widget-container\">\n\t\t\t\t\t<div class=\"elementor-text-editor elementor-clearfix\"><p>Wir sind gerne f\u00fcr Sie da und freuen uns, <br \/>von Ihnen zu h\u00f6ren!<\/p><\/div>\n\t\t\t\t<\/div>\n\t\t\t\t<\/div>\n\t\t\t\t<div class=\"elementor-element elementor-element-d036d0f elementor-widget elementor-widget-text-editor\" data-id=\"d036d0f\" data-element_type=\"widget\" data-widget_type=\"text-editor.default\">\n\t\t\t\t<div class=\"elementor-widget-container\">\n\t\t\t\t\t<div class=\"elementor-text-editor elementor-clearfix\"><p>Berggasse 6<br \/>91353 Hausen<br \/>Telefon: 09191 &#8211; 4480<br \/>info@ismaierbau.de<\/p><\/div>\n\t\t\t\t<\/div>\n\t\t\t\t<\/div>\n\t\t\t\t\t\t<\/div>\n\t\t\t\t\t<\/div>\n\t\t<\/div>\n\t\t\t\t<div class=\"elementor-column elementor-col-66 elementor-top-column elementor-element elementor-element-dcb7feb\" data-id=\"dcb7feb\" data-element_type=\"column\">\n\t\t\t<div class=\"elementor-column-wrap elementor-element-populated\">\n\t\t\t\t\t\t\t<div class=\"elementor-widget-wrap\">\n\t\t\t\t\t\t<div class=\"elementor-element elementor-element-8e079b2 elementor-widget elementor-widget-google_maps\" data-id=\"8e079b2\" data-element_type=\"widget\" data-widget_type=\"google_maps.default\">\n\t\t\t\t<div class=\"elementor-widget-container\">\n\t\t\t<div class=\"elementor-custom-embed\"><iframe frameborder=\"0\" scrolling=\"no\" marginheight=\"0\" marginwidth=\"0\" src=\"https:\/\/maps.google.com\/maps?q=Berggasse%206%2C%20Hausen&amp;t=m&amp;z=10&amp;output=embed&amp;iwloc=near\" title=\"Berggasse 6, Hausen\" aria-label=\"Berggasse 6, Hausen\"><\/iframe><\/div>\t\t<\/div>\n\t\t\t\t<\/div>\n\t\t\t\t\t\t<\/div>\n\t\t\t\t\t<\/div>\n\t\t<\/div>\n\t\t\t\t\t\t\t\t<\/div>\n\t\t\t\t\t<\/div>\n\t\t<\/section>\n\t\t\t\t\t\t<\/div>\n\t\t\t\t\t\t<\/div>\n\t\t\t\t\t<\/div>\n\t\t","protected":false},"excerpt":{"rendered":"<p>IMPRESSUM Richard Ismaier GmbH&amp;CoBauunternehmung KGBerggasse 691353 HausenTelefon 09191 44 80Telefax 09191 33 490Web: www.ismaierbau.deE-Mail: info@ismaierbau.deUSt-Id-Nr.: DE132653597 Sitz der Gesellschaft: HausenRegistergericht Bamberg HRA 4422 Registernummer: HRA 4422 Pers\u00f6nlich haftender Gesellschafter und gesch\u00e4ftsf\u00fchrende Gesellschaft: Richard Ismaier Verwaltungs-GmbHSitz der Gesellschaft: Hausen, Registergericht Bamberg HRB 1073Gesch\u00e4ftsf\u00fchrer: Thomas IsmaierBerufsbezeichnung: Dipl.-Ing. (FH), verliehen in der Bundesrepublik Deutschland Zust\u00e4ndige Kammer:Handwerkskammer f\u00fcr OberfrankenKerschensteinerstra\u00dfe&hellip;&nbsp;<a href=\"http:\/\/wp.ismaierbau.de\/?page_id=54\" class=\"\" rel=\"bookmark\">Weiterlesen &raquo;<span class=\"screen-reader-text\">IMPRESSUM<\/span><\/a><\/p>\n","protected":false},"author":1,"featured_media":0,"parent":0,"menu_order":0,"comment_status":"closed","ping_status":"closed","template":"page-templates\/template-pagebuilder-full-width.php","meta":[],"_links":{"self":[{"href":"http:\/\/wp.ismaierbau.de\/index.php?rest_route=\/wp\/v2\/pages\/54"}],"collection":[{"href":"http:\/\/wp.ismaierbau.de\/index.php?rest_route=\/wp\/v2\/pages"}],"about":[{"href":"http:\/\/wp.ismaierbau.de\/index.php?rest_route=\/wp\/v2\/types\/page"}],"author":[{"embeddable":true,"href":"http:\/\/wp.ismaierbau.de\/index.php?rest_route=\/wp\/v2\/users\/1"}],"replies":[{"embeddable":true,"href":"http:\/\/wp.ismaierbau.de\/index.php?rest_route=%2Fwp%2Fv2%2Fcomments&post=54"}],"version-history":[{"count":13,"href":"http:\/\/wp.ismaierbau.de\/index.php?rest_route=\/wp\/v2\/pages\/54\/revisions"}],"predecessor-version":[{"id":105,"href":"http:\/\/wp.ismaierbau.de\/index.php?rest_route=\/wp\/v2\/pages\/54\/revisions\/105"}],"wp:attachment":[{"href":"http:\/\/wp.ismaierbau.de\/index.php?rest_route=%2Fwp%2Fv2%2Fmedia&parent=54"}],"curies":[{"name":"wp","href":"https:\/\/api.w.org\/{rel}","templated":true}]}}